{"id":11348,"date":"2015-10-19T04:23:53","date_gmt":"2015-10-19T04:23:53","guid":{"rendered":"http:\/\/demo.thimpress.com\/eduma\/?page_id=12"},"modified":"2023-02-14T13:10:34","modified_gmt":"2023-02-14T13:10:34","slug":"home","status":"publish","type":"page","link":"https:\/\/www.colegiomiguelangelasturias.edu.co\/","title":{"rendered":"Inicio"},"content":{"rendered":"<p>[vc_row full_width=&#8221;stretch_row_content_no_spaces&#8221;][vc_column 0=&#8221;&#8221;][rev_slider_vc alias=&#8221;home-page&#8221;][\/vc_column][\/vc_row][vc_row full_width=&#8221;stretch_row_content&#8221; el_class=&#8221;thim-best-industry&#8221; css=&#8221;.vc_custom_1551994177966{margin-right: -2px !important;margin-left: -2px !important;}&#8221;][vc_column width=&#8221;1\/4&#8243; css=&#8221;.vc_custom_1471791457305{margin-bottom: 30px !important;padding-right: 2px !important;padding-left: 2px !important;}&#8221;]<div class=\"thim-widget-icon-box\"><div class=\"wrapper-box-icon has_custom_image has_read_more  overlay \"   data-text-readmore=\"#ffb606\"><div class=\"smicon-box iconbox-left\"><div class=\"boxes-icon\" style=\"width: 135px;\"><span class=\"inner-icon\"><span class=\"icon icon-images\"><img src=\"https:\/\/www.colegiomiguelangelasturias.edu.co\/wp-content\/uploads\/2015\/10\/logo-top-1.png\" alt=\"logo-top-1\" title=\"logo-top-1\"  width=\"61\" height=\"52\"><\/span><\/span><\/div><div class=\"content-inner\"  style=\"width: calc( 100% - 135px - 15px);\"><div class=\"sc-heading article_heading\"><h3 class = \"heading__primary\" >Circulares 2023<\/h3><\/div><a class=\"smicon-read sc-btn\" target=\"_self\" href=\"https:\/\/www.colegiomiguelangelasturias.edu.co\/index.php\/circulares\/\"  style=\"color: #ffb606;\" >View More<i class=\"fa fa-chevron-right\"><\/i><\/a><\/div><\/div><!--end smicon-box--><\/div><\/div>[\/vc_column][vc_column width=&#8221;1\/4&#8243; css=&#8221;.vc_custom_1471791466594{margin-bottom: 30px !important;padding-right: 2px !important;padding-left: 2px !important;}&#8221;]<div class=\"thim-widget-icon-box\"><div class=\"wrapper-box-icon has_custom_image has_read_more  overlay \"   data-text-readmore=\"#ffb606\"><div class=\"smicon-box iconbox-left\"><div class=\"boxes-icon\" style=\"width: 135px;\"><span class=\"inner-icon\"><span class=\"icon icon-images\"><img src=\"https:\/\/www.colegiomiguelangelasturias.edu.co\/wp-content\/uploads\/2015\/10\/logo-top-2.png\" alt=\"logo-top-2\" title=\"logo-top-2\"  width=\"66\" height=\"51\"><\/span><\/span><\/div><div class=\"content-inner\"  style=\"width: calc( 100% - 135px - 15px);\"><div class=\"sc-heading article_heading\"><h3 class = \"heading__primary\" >Martes de Prueba<\/h3><\/div><a class=\"smicon-read sc-btn\" target=\"_self\" href=\"https:\/\/miltonochoa.com.co\/web\/index.php\/portfolio-two\/#martes-de-prueba\"  style=\"color: #ffb606;\" >View More<i class=\"fa fa-chevron-right\"><\/i><\/a><\/div><\/div><!--end smicon-box--><\/div><\/div>[\/vc_column][vc_column width=&#8221;1\/4&#8243; css=&#8221;.vc_custom_1471791487523{margin-bottom: 30px !important;padding-right: 2px !important;padding-left: 2px !important;}&#8221;]<div class=\"thim-widget-icon-box\"><div class=\"wrapper-box-icon has_custom_image has_read_more  overlay \"   data-text-readmore=\"#ffb606\"><div class=\"smicon-box iconbox-left\"><div class=\"boxes-icon\" style=\"width: 135px;\"><span class=\"inner-icon\"><span class=\"icon icon-images\"><img src=\"https:\/\/www.colegiomiguelangelasturias.edu.co\/wp-content\/uploads\/2015\/10\/logo-top-3.png\" alt=\"logo-top-3\" title=\"logo-top-3\"  width=\"59\" height=\"50\"><\/span><\/span><\/div><div class=\"content-inner\"  style=\"width: calc( 100% - 135px - 15px);\"><div class=\"sc-heading article_heading\"><h3 class = \"heading__primary\" >Ed\u00facate para el Saber<\/h3><\/div><a class=\"smicon-read sc-btn\" target=\"_self\" href=\"https:\/\/educateparaelsaber.edu.co\/sobre-nosotros\/\"  style=\"color: #ffb606;\" >View More<i class=\"fa fa-chevron-right\"><\/i><\/a><\/div><\/div><!--end smicon-box--><\/div><\/div>[\/vc_column][vc_column width=&#8221;1\/4&#8243;]<div class=\"thim-widget-icon-box\"><div class=\"wrapper-box-icon has_custom_image has_read_more  overlay \"   data-text-readmore=\"#ffb606\"><div class=\"smicon-box iconbox-left\"><div class=\"boxes-icon\" style=\"width: 135px;\"><span class=\"inner-icon\"><span class=\"icon icon-images\"><img src=\"https:\/\/www.colegiomiguelangelasturias.edu.co\/wp-content\/uploads\/2015\/10\/logo-top-3.png\" alt=\"logo-top-3\" title=\"logo-top-3\"  width=\"59\" height=\"50\"><\/span><\/span><\/div><div class=\"content-inner\"  style=\"width: calc( 100% - 135px - 15px);\"><div class=\"sc-heading article_heading\"><h3 class = \"heading__primary\" >Gu\u00edas de Ingl\u00e9s<\/h3><\/div><\/div><\/div><!--end smicon-box--><\/div><\/div>[\/vc_column][\/vc_row][vc_row][vc_column][vc_custom_heading text=&#8221;Actualidad&#8221; font_container=&#8221;tag:h2|text_align:center&#8221; google_fonts=&#8221;font_family:Bad%20Script%3Aregular|font_style:400%20regular%3A400%3Anormal&#8221;][vc_row_inner][vc_column_inner width=&#8221;1\/2&#8243;][vc_custom_heading text=&#8221;\u00daltima Circular&#8221; font_container=&#8221;tag:h2|text_align:center&#8221; google_fonts=&#8221;font_family:Bad%20Script%3Aregular|font_style:400%20regular%3A400%3Anormal&#8221;][vc_gallery interval=&#8221;10&#8243; images=&#8221;12236,12237,12253&#8243; img_size=&#8221;full&#8221; el_id=&#8221;https:\/\/www.colegiomiguelangelasturias.edu.co\/wp-content\/uploads\/2019\/10\/Calendario-Fin-de-A\u00f1o-Escolar.-.pdf&#8221;][\/vc_column_inner][vc_column_inner width=&#8221;1\/2&#8243;][vc_custom_heading text=&#8221;Novedades&#8221; font_container=&#8221;tag:h2|text_align:center&#8221; google_fonts=&#8221;font_family:Bad%20Script%3Aregular|font_style:400%20regular%3A400%3Anormal&#8221;][vc_gallery interval=&#8221;15&#8243; images=&#8221;12239&#8243; img_size=&#8221;full&#8221;][\/vc_column_inner][\/vc_row_inner][\/vc_column][\/vc_row][vc_row css=&#8221;.vc_custom_1471791722105{margin-bottom: 100px !important;}&#8221;][vc_column 0=&#8221;&#8221;][vc_row_inner 0=&#8221;&#8221;][vc_column_inner 0=&#8221;&#8221;][vc_custom_heading text=&#8221;Informaci\u00f3n de Inter\u00e9s&#8221; font_container=&#8221;tag:h2|text_align:center&#8221; google_fonts=&#8221;font_family:Bad%20Script%3Aregular|font_style:400%20regular%3A400%3Anormal&#8221;][\/vc_column_inner][vc_column_inner][\/vc_column_inner][\/vc_row_inner][vc_row_inner][vc_column_inner width=&#8221;1\/4&#8243;]<div class=\"cq-ihover  cq-style-customized cq-ihover-bordermini\"  data-effect=\"effect1\" data-shape=\"square\" data-bgcolor=\"#3e62b0\" data-titlesize=\"\" data-titlecolor=\"\" data-descsize=\"\" data-desccolor=\"\" data-iconsize=\"\" data-iconcolor=\"\" data-containerwidth=\"\" data-captionmargintop=\"\" data-videowidth=\"\" data-bgstyle=\"customized\"><div class=\"cq-ihover-container\"><div class='cq-ihover-item square effect1 left_and_right'><a href='http:\/\/www.colegiomiguelangelasturias.edu.co\/index.php\/asesoria-de-tareas\/' title='' target='' rel=''><div class='cq-ihover-imageitem'><img src='https:\/\/www.colegiomiguelangelasturias.edu.co\/wp-content\/uploads\/2019\/09\/Asesoria-de-tareas.jpg' alt='' class='cq-ihover-image' \/><\/div><div class='cq-ihover-info'><\/div><\/a><\/div><\/div><\/div>[\/vc_column_inner][vc_column_inner width=&#8221;1\/4&#8243;]<div class=\"cq-ihover  cq-style-customized cq-ihover-bordermini\"  data-effect=\"effect1\" data-shape=\"square\" data-bgcolor=\"#d6404c\" data-titlesize=\"\" data-titlecolor=\"\" data-descsize=\"\" data-desccolor=\"\" data-iconsize=\"\" data-iconcolor=\"\" data-containerwidth=\"\" data-captionmargintop=\"\" data-videowidth=\"\" data-bgstyle=\"customized\"><div class=\"cq-ihover-container\"><div class='cq-ihover-item square effect1 left_and_right'><a href='http:\/\/www.colegiomiguelangelasturias.edu.co\/index.php\/escuelas-de-formacion\/' title='' target='' rel=''><div class='cq-ihover-imageitem'><img src='https:\/\/www.colegiomiguelangelasturias.edu.co\/wp-content\/uploads\/2019\/09\/Escuelas-de-formaci\u00f3n.jpg' alt='' class='cq-ihover-image' \/><\/div><div class='cq-ihover-info'><\/div><\/a><\/div><\/div><\/div>[\/vc_column_inner][vc_column_inner width=&#8221;1\/4&#8243;]<div class=\"cq-ihover  cq-style-customized cq-ihover-bordermini\"  data-effect=\"effect1\" data-shape=\"square\" data-bgcolor=\"#4ea477\" data-titlesize=\"\" data-titlecolor=\"\" data-descsize=\"\" data-desccolor=\"\" data-iconsize=\"\" data-iconcolor=\"\" data-containerwidth=\"\" data-captionmargintop=\"\" data-videowidth=\"\" data-bgstyle=\"customized\"><div class=\"cq-ihover-container\"><div class='cq-ihover-item square effect1 left_and_right'><a href='http:\/\/www.colegiomiguelangelasturias.edu.co\/index.php\/11485-2\/' title='' target='' rel=''><div class='cq-ihover-imageitem'><img src='https:\/\/www.colegiomiguelangelasturias.edu.co\/wp-content\/uploads\/2019\/09\/ingles-1.jpg' alt='' class='cq-ihover-image' \/><\/div><div class='cq-ihover-info'><\/div><\/a><\/div><\/div><\/div>[\/vc_column_inner][vc_column_inner width=&#8221;1\/4&#8243;]<div class=\"cq-ihover  cq-style-customized cq-ihover-bordermini\"  data-effect=\"effect1\" data-shape=\"square\" data-bgcolor=\"#edc235\" data-titlesize=\"\" data-titlecolor=\"\" data-descsize=\"\" data-desccolor=\"\" data-iconsize=\"\" data-iconcolor=\"\" data-containerwidth=\"\" data-captionmargintop=\"\" data-videowidth=\"\" data-bgstyle=\"customized\"><div class=\"cq-ihover-container\"><div class='cq-ihover-item square effect1 left_and_right'><a href='http:\/\/www.colegiomiguelangelasturias.edu.co\/index.php\/actividades-complementarias\/' title='' target='' rel=''><div class='cq-ihover-imageitem'><img src='https:\/\/www.colegiomiguelangelasturias.edu.co\/wp-content\/uploads\/2019\/09\/actividades-complementarias-1.jpg' alt='' class='cq-ihover-image' \/><\/div><div class='cq-ihover-info'><\/div><\/a><\/div><\/div><\/div>[\/vc_column_inner][\/vc_row_inner][\/vc_column][\/vc_row][vc_row full_width=&#8221;stretch_row&#8221; parallax=&#8221;content-moving&#8221; parallax_image=&#8221;11939&#8243; el_class=&#8221;thim-bg-overlay&#8221;][vc_column width=&#8221;1\/2&#8243;][vc_empty_space][vc_column_text]<\/p>\n<h3 style=\"text-align: center;\"><span style=\"color: #ffffff;\">El Colegio Miguel \u00c1ngel Asturias atiende tus\u00a0 inquietudes.\u00a0<\/span><\/h3>\n<h3 style=\"text-align: center;\"><span style=\"color: #ffffff;\">Si tienes alguna duda sobre las actividades del colegio, horario de atenci\u00f3n e informaci\u00f3n general, d\u00e9janos tus datos y te contactaremos lo m\u00e1s\u00a0 pronto posible.\u00a0<\/span><\/h3>\n<p>[\/vc_column_text][vc_single_image image=&#8221;11395&#8243; img_size=&#8221;full&#8221; alignment=&#8221;center&#8221; css_animation=&#8221;bounceIn&#8221;][\/vc_column][vc_column width=&#8221;1\/2&#8243;][vc_raw_html 0=&#8221;&#8221;]JTNDZGl2JTIwY2xhc3MlM0QlMjJ0aGltLXJlZ2lzdGVyLW5vdy1mb3JtJTIyJTNFJTBBJTNDaDMlMjBjbGFzcyUzRCUyMnRpdGxlJTIyJTNFJTNDc3BhbiUzRURlamFub3MlMjB0dXMlMjBpbnF1aWV0dWRlcy4lM0MlMkZzcGFuJTNFJTNDJTJGaDMlM0UlMEElNUJjb250YWN0LWZvcm0tNyUyMGlkJTNEJTIyODUlMjIlMjB0aXRsZSUzRCUyMkVOVklBUiUyMiU1RCUwQSUzQyUyRmRpdiUzRQ==[\/vc_raw_html][\/vc_column][\/vc_row]<\/p>\n","protected":false},"excerpt":{"rendered":"<p>[vc_row full_width=&#8221;stretch_row_content_no_spaces&#8221;][vc_column 0=&#8221;&#8221;][rev_slider_vc alias=&#8221;home-page&#8221;][\/vc_column][\/vc_row][vc_row full_width=&#8221;stretch_row_content&#8221; el_class=&#8221;thim-best-industry&#8221; css=&#8221;.vc_custom_1551994177966{margin-right: -2px !important;margin-left: -2px !important;}&#8221;][vc_column width=&#8221;1\/4&#8243; css=&#8221;.vc_custom_1471791457305{margin-bottom: 30px !important;padding-right: 2px !important;padding-left: 2px !important;}&#8221;][\/vc_column][vc_column width=&#8221;1\/4&#8243; css=&#8221;.vc_custom_1471791466594{margin-bottom: 30px !important;padding-right: 2px !important;padding-left: 2px !important;}&#8221;][\/vc_column][vc_column width=&#8221;1\/4&#8243; css=&#8221;.vc_custom_1471791487523{margin-bottom: 30px !important;padding-right: 2px !important;padding-left: 2px !important;}&#8221;][\/vc_column][vc_column width=&#8221;1\/4&#8243;][\/vc_column][\/vc_row][vc_row][vc_column][vc_custom_heading text=&#8221;Actualidad&#8221; font_container=&#8221;tag:h2|text_align:center&#8221; google_fonts=&#8221;font_family:Bad%20Script%3Aregular|font_style:400%20regular%3A400%3Anormal&#8221;][vc_row_inner][vc_column_inner width=&#8221;1\/2&#8243;][vc_custom_heading &hellip; <\/p>\n","protected":false},"author":1,"featured_media":0,"parent":0,"menu_order":0,"comment_status":"closed","ping_status":"closed","template":"page-templates\/homepage.php","meta":{"_bbp_topic_count":0,"_bbp_reply_count":0,"_bbp_total_topic_count":0,"_bbp_total_reply_count":0,"_bbp_voice_count":0,"_bbp_anonymous_reply_count":0,"_bbp_topic_count_hidden":0,"_bbp_reply_count_hidden":0,"_bbp_forum_subforum_count":0,"pmpro_default_level":""},"_links":{"self":[{"href":"https:\/\/www.colegiomiguelangelasturias.edu.co\/index.php\/wp-json\/wp\/v2\/pages\/11348"}],"collection":[{"href":"https:\/\/www.colegiomiguelangelasturias.edu.co\/index.php\/wp-json\/wp\/v2\/pages"}],"about":[{"href":"https:\/\/www.colegiomiguelangelasturias.edu.co\/index.php\/wp-json\/wp\/v2\/types\/page"}],"author":[{"embeddable":true,"href":"https:\/\/www.colegiomiguelangelasturias.edu.co\/index.php\/wp-json\/wp\/v2\/users\/1"}],"replies":[{"embeddable":true,"href":"https:\/\/www.colegiomiguelangelasturias.edu.co\/index.php\/wp-json\/wp\/v2\/comments?post=11348"}],"version-history":[{"count":138,"href":"https:\/\/www.colegiomiguelangelasturias.edu.co\/index.php\/wp-json\/wp\/v2\/pages\/11348\/revisions"}],"predecessor-version":[{"id":12254,"href":"https:\/\/www.colegiomiguelangelasturias.edu.co\/index.php\/wp-json\/wp\/v2\/pages\/11348\/revisions\/12254"}],"wp:attachment":[{"href":"https:\/\/www.colegiomiguelangelasturias.edu.co\/index.php\/wp-json\/wp\/v2\/media?parent=11348"}],"curies":[{"name":"wp","href":"https:\/\/api.w.org\/{rel}","templated":true}]}}