{"id":11443,"date":"2019-02-14T23:57:08","date_gmt":"2019-02-14T23:57:08","guid":{"rendered":"http:\/\/www.colegiomiguelangelasturias.edu.co\/?page_id=11443"},"modified":"2019-03-07T20:35:10","modified_gmt":"2019-03-07T20:35:10","slug":"proyecto-educativo-institucional","status":"publish","type":"page","link":"https:\/\/www.colegiomiguelangelasturias.edu.co\/index.php\/proyecto-educativo-institucional\/","title":{"rendered":"Proyecto Educativo Institucional"},"content":{"rendered":"<p>[vc_row full_width=&#8221;stretch_row&#8221;][vc_column][vc_custom_heading text=&#8221;Proyecto Educativo Institucional&#8221; font_container=&#8221;tag:h2|text_align:center&#8221; google_fonts=&#8221;font_family:Bad%20Script%3Aregular|font_style:400%20regular%3A400%3Anormal&#8221;][vc_column_text]<\/p>\n<h4 style=\"text-align: justify;\">P.E.I<\/h4>\n<h4 style=\"text-align: justify;\">\u201cComunidad Justa, Comprometida, Cient\u00edfica y Empresarial\u201d<\/h4>\n<h4 style=\"text-align: justify;\">El proyecto educativo institucional (P.E.I) enfatiza el quehacer de la educaci\u00f3n en la vida de los seres humanos, no solo como un derecho, sino un deber social; es una estructura que ayuda al personal de la instituci\u00f3n a un f\u00e1cil acceso, para participar en la planeaci\u00f3n, organizaci\u00f3n, ejecuci\u00f3n y evaluaci\u00f3n en todo en lo que compete en la labor educativa.<\/h4>\n<h4 style=\"text-align: justify;\">De esta forma se est\u00e1 cumpliendo en la ley general de educaci\u00f3n en sus decretos reglamentarios, Ley 115, art\u00edculo 73 y el derecho 1860 en su art\u00edculo 14, por tal motivo, se plantear\u00e1n actividades de proyecci\u00f3n y vinculaci\u00f3n de la comunidad para que trabajando conjuntamente se logren los objetivos propuestos en el P.E.I.<\/h4>\n<p>[\/vc_column_text][vc_single_image image=&#8221;11446&#8243; img_size=&#8221;full&#8221; alignment=&#8221;center&#8221; style=&#8221;vc_box_shadow_3d&#8221;][\/vc_column][\/vc_row]<\/p>\n","protected":false},"excerpt":{"rendered":"<p>[vc_row full_width=&#8221;stretch_row&#8221;][vc_column][vc_custom_heading text=&#8221;Proyecto Educativo Institucional&#8221; font_container=&#8221;tag:h2|text_align:center&#8221; google_fonts=&#8221;font_family:Bad%20Script%3Aregular|font_style:400%20regular%3A400%3Anormal&#8221;][vc_column_text] P.E.I \u201cComunidad Justa, Comprometida, Cient\u00edfica y Empresarial\u201d El proyecto educativo institucional (P.E.I) enfatiza el quehacer de la educaci\u00f3n en la vida de los seres humanos, no solo como un derecho, sino un deber &hellip; <\/p>\n","protected":false},"author":1,"featured_media":0,"parent":0,"menu_order":0,"comment_status":"closed","ping_status":"closed","template":"","meta":{"_bbp_topic_count":0,"_bbp_reply_count":0,"_bbp_total_topic_count":0,"_bbp_total_reply_count":0,"_bbp_voice_count":0,"_bbp_anonymous_reply_count":0,"_bbp_topic_count_hidden":0,"_bbp_reply_count_hidden":0,"_bbp_forum_subforum_count":0,"pmpro_default_level":""},"_links":{"self":[{"href":"https:\/\/www.colegiomiguelangelasturias.edu.co\/index.php\/wp-json\/wp\/v2\/pages\/11443"}],"collection":[{"href":"https:\/\/www.colegiomiguelangelasturias.edu.co\/index.php\/wp-json\/wp\/v2\/pages"}],"about":[{"href":"https:\/\/www.colegiomiguelangelasturias.edu.co\/index.php\/wp-json\/wp\/v2\/types\/page"}],"author":[{"embeddable":true,"href":"https:\/\/www.colegiomiguelangelasturias.edu.co\/index.php\/wp-json\/wp\/v2\/users\/1"}],"replies":[{"embeddable":true,"href":"https:\/\/www.colegiomiguelangelasturias.edu.co\/index.php\/wp-json\/wp\/v2\/comments?post=11443"}],"version-history":[{"count":8,"href":"https:\/\/www.colegiomiguelangelasturias.edu.co\/index.php\/wp-json\/wp\/v2\/pages\/11443\/revisions"}],"predecessor-version":[{"id":11669,"href":"https:\/\/www.colegiomiguelangelasturias.edu.co\/index.php\/wp-json\/wp\/v2\/pages\/11443\/revisions\/11669"}],"wp:attachment":[{"href":"https:\/\/www.colegiomiguelangelasturias.edu.co\/index.php\/wp-json\/wp\/v2\/media?parent=11443"}],"curies":[{"name":"wp","href":"https:\/\/api.w.org\/{rel}","templated":true}]}}