{"id":11462,"date":"2019-02-18T23:08:40","date_gmt":"2019-02-18T23:08:40","guid":{"rendered":"http:\/\/www.colegiomiguelangelasturias.edu.co\/?page_id=11462"},"modified":"2019-10-31T01:55:23","modified_gmt":"2019-10-31T01:55:23","slug":"admisiones","status":"publish","type":"page","link":"https:\/\/www.colegiomiguelangelasturias.edu.co\/index.php\/admisiones\/","title":{"rendered":"Proceso"},"content":{"rendered":"<p>[vc_row][vc_column width=&#8221;2\/3&#8243;][vc_single_image image=&#8221;12012&#8243; img_size=&#8221;full&#8221; css_animation=&#8221;fadeInLeft&#8221;][vc_custom_heading text=&#8221;Paso a Paso proceso de admisi\u00f3n&#8221; font_container=&#8221;tag:h2|text_align:center&#8221; google_fonts=&#8221;font_family:Bad%20Script%3Aregular|font_style:400%20regular%3A400%3Anormal&#8221;][vc_single_image image=&#8221;11467&#8243; img_size=&#8221;full&#8221; css_animation=&#8221;fadeInLeft&#8221;][vc_column_text]<\/p>\n<h4 style=\"text-align: justify;\">Para adquirir el formulario de inscripci\u00f3n es requisito indispensable para los aspirantes desde grado 7<sup>mo <\/sup>a grado 11<sup>mo<\/sup> presentar la constancia de comportamiento y el \u00faltimo bolet\u00edn de notas.<\/h4>\n<p>[\/vc_column_text][\/vc_column][vc_column width=&#8221;1\/3&#8243;][vc_custom_heading text=&#8221;Requisitos&#8221; font_container=&#8221;tag:h2|text_align:center&#8221; google_fonts=&#8221;font_family:Bad%20Script%3Aregular|font_style:400%20regular%3A400%3Anormal&#8221;]<div class=\"cqlist-container \" data-isclickable=\"yes\" data-clickedicon=\"fa fa-check-square-o\" style=\"width:;\"><div class=\"cqlist \"><h3 style=\"color:#ffffff;background-color:#3d63ae;\">Para dar inicio al proceso de admisi\u00f3n de los aspirantes asturianos se deben tener en cuenta los siguientes documentos:<\/h3><ul><li><a href=\"#\" class=\"todolist-btn\" data-icon=\"entypo-icon entypo-icon-check\"> <i class=\"cq-todolist-icon entypo-icon entypo-icon-check\" style=\"color:;\"><\/i> <\/a><span class=\"todolist-content\">Formulario de Inscripci\u00f3n diligenciado<\/span><\/li><li><a href=\"#\" class=\"todolist-btn\" data-icon=\"entypo-icon entypo-icon-check\"> <i class=\"cq-todolist-icon entypo-icon entypo-icon-check\" style=\"color:;\"><\/i> <\/a><span class=\"todolist-content\">\u00daltimo bolet\u00edn de notas<\/span><\/li><li><a href=\"#\" class=\"todolist-btn\" data-icon=\"entypo-icon entypo-icon-check\"> <i class=\"cq-todolist-icon entypo-icon entypo-icon-check\" style=\"color:;\"><\/i> <\/a><span class=\"todolist-content\">Recibo de pago de matricula<\/span><\/li><li><a href=\"#\" class=\"todolist-btn\" data-icon=\"entypo-icon entypo-icon-check\"> <i class=\"cq-todolist-icon entypo-icon entypo-icon-check\" style=\"color:;\"><\/i> <\/a><span class=\"todolist-content\">Registro civil legible<\/span><\/li><li><a href=\"#\" class=\"todolist-btn\" data-icon=\"entypo-icon entypo-icon-check\"> <i class=\"cq-todolist-icon entypo-icon entypo-icon-check\" style=\"color:;\"><\/i> <\/a><span class=\"todolist-content\">Tarjeta de identidad<\/span><\/li><li><a href=\"#\" class=\"todolist-btn\" data-icon=\"entypo-icon entypo-icon-check\"> <i class=\"cq-todolist-icon entypo-icon entypo-icon-check\" style=\"color:;\"><\/i> <\/a><span class=\"todolist-content\">Orden de matr\u00edcula*<\/span><\/li><li><a href=\"#\" class=\"todolist-btn\" data-icon=\"entypo-icon entypo-icon-check\"> <i class=\"cq-todolist-icon entypo-icon entypo-icon-check\" style=\"color:;\"><\/i> <\/a><span class=\"todolist-content\">Fotocopia de cedula de Padres<\/span><\/li><li><a href=\"#\" class=\"todolist-btn\" data-icon=\"entypo-icon entypo-icon-check\"> <i class=\"cq-todolist-icon entypo-icon entypo-icon-check\" style=\"color:;\"><\/i> <\/a><span class=\"todolist-content\">Fotocopia de cedula de Acudiente<\/span><\/li><li><a href=\"#\" class=\"todolist-btn\" data-icon=\"entypo-icon entypo-icon-check\"> <i class=\"cq-todolist-icon entypo-icon entypo-icon-check\" style=\"color:;\"><\/i> <\/a><span class=\"todolist-content\">Certificaci\u00f3n o Carn\u00e9 de EPS<\/span><\/li><li><a href=\"#\" class=\"todolist-btn\" data-icon=\"entypo-icon entypo-icon-check\"> <i class=\"cq-todolist-icon entypo-icon entypo-icon-check\" style=\"color:;\"><\/i> <\/a><span class=\"todolist-content\">Carn\u00e9 de vacunas (Pre-Jard\u00edn, Jard\u00edn, Transici\u00f3n)<\/span><\/li><li><a href=\"#\" class=\"todolist-btn\" data-icon=\"entypo-icon entypo-icon-check\"> <i class=\"cq-todolist-icon entypo-icon entypo-icon-check\" style=\"color:;\"><\/i> <\/a><span class=\"todolist-content\">Curva de crecimiento y desarrollo (Pre-Jard\u00edn, Jard\u00edn, Transici\u00f3n)<\/span><\/li><li><a href=\"#\" class=\"todolist-btn\" data-icon=\"entypo-icon entypo-icon-check\"> <i class=\"cq-todolist-icon entypo-icon entypo-icon-check\" style=\"color:;\"><\/i> <\/a><span class=\"todolist-content\">Certificados a\u00f1os anteriores desde grado 5\u00b0<\/span><\/li><li><a href=\"#\" class=\"todolist-btn\" data-icon=\"entypo-icon entypo-icon-check\"> <i class=\"cq-todolist-icon entypo-icon entypo-icon-check\" style=\"color:;\"><\/i> <\/a><span class=\"todolist-content\">Constancia de comportamiento<\/span><\/li><li><a href=\"#\" class=\"todolist-btn\" data-icon=\"entypo-icon entypo-icon-check\"> <i class=\"cq-todolist-icon entypo-icon entypo-icon-check\" style=\"color:;\"><\/i> <\/a><span class=\"todolist-content\">Acta de compromiso*<\/span><\/li><li><a href=\"#\" class=\"todolist-btn\" data-icon=\"entypo-icon entypo-icon-check\"> <i class=\"cq-todolist-icon entypo-icon entypo-icon-check\" style=\"color:;\"><\/i> <\/a><span class=\"todolist-content\">Constancia de retiro del SIMAT<\/span><\/li><li><a href=\"#\" class=\"todolist-btn\" data-icon=\"entypo-icon entypo-icon-check\"> <i class=\"cq-todolist-icon entypo-icon entypo-icon-check\" style=\"color:;\"><\/i> <\/a><span class=\"todolist-content\">Paz y salvo Colegio anterior<\/span><\/li><li><a href=\"#\" class=\"todolist-btn\" data-icon=\"entypo-icon entypo-icon-check\"> <i class=\"cq-todolist-icon entypo-icon entypo-icon-check\" style=\"color:;\"><\/i> <\/a><span class=\"todolist-content\">Pagar\u00e9 debidamente firmado*<\/span><\/li><li><a href=\"#\" class=\"todolist-btn\" data-icon=\"entypo-icon entypo-icon-check\"> <i class=\"cq-todolist-icon entypo-icon entypo-icon-check\" style=\"color:;\"><\/i> <\/a><span class=\"todolist-content\">Autorizaci\u00f3n tratamiento de datos*<\/span><\/li><li><a href=\"#\" class=\"todolist-btn\" data-icon=\"entypo-icon entypo-icon-check\"> <i class=\"cq-todolist-icon entypo-icon entypo-icon-check\" style=\"color:;\"><\/i> <\/a><span class=\"todolist-content\">Contrato debidamente firmado*<\/span><\/li><\/ul><\/div><\/div>[vc_column_text]<\/p>\n<blockquote><p><em><strong>*Documentos entregados por parte del plantel educativo<\/strong><\/em><\/p><\/blockquote>\n<p>[\/vc_column_text][\/vc_column][\/vc_row][vc_row][vc_column][\/vc_column][\/vc_row]<\/p>\n","protected":false},"excerpt":{"rendered":"<p>[vc_row][vc_column width=&#8221;2\/3&#8243;][vc_single_image image=&#8221;12012&#8243; img_size=&#8221;full&#8221; css_animation=&#8221;fadeInLeft&#8221;][vc_custom_heading text=&#8221;Paso a Paso proceso de admisi\u00f3n&#8221; font_container=&#8221;tag:h2|text_align:center&#8221; google_fonts=&#8221;font_family:Bad%20Script%3Aregular|font_style:400%20regular%3A400%3Anormal&#8221;][vc_single_image image=&#8221;11467&#8243; img_size=&#8221;full&#8221; css_animation=&#8221;fadeInLeft&#8221;][vc_column_text] Para adquirir el formulario de inscripci\u00f3n es requisito indispensable para los aspirantes desde grado 7mo a grado 11mo presentar la constancia de comportamiento y &hellip; <\/p>\n","protected":false},"author":1,"featured_media":0,"parent":0,"menu_order":0,"comment_status":"closed","ping_status":"closed","template":"","meta":{"_bbp_topic_count":0,"_bbp_reply_count":0,"_bbp_total_topic_count":0,"_bbp_total_reply_count":0,"_bbp_voice_count":0,"_bbp_anonymous_reply_count":0,"_bbp_topic_count_hidden":0,"_bbp_reply_count_hidden":0,"_bbp_forum_subforum_count":0,"pmpro_default_level":""},"_links":{"self":[{"href":"https:\/\/www.colegiomiguelangelasturias.edu.co\/index.php\/wp-json\/wp\/v2\/pages\/11462"}],"collection":[{"href":"https:\/\/www.colegiomiguelangelasturias.edu.co\/index.php\/wp-json\/wp\/v2\/pages"}],"about":[{"href":"https:\/\/www.colegiomiguelangelasturias.edu.co\/index.php\/wp-json\/wp\/v2\/types\/page"}],"author":[{"embeddable":true,"href":"https:\/\/www.colegiomiguelangelasturias.edu.co\/index.php\/wp-json\/wp\/v2\/users\/1"}],"replies":[{"embeddable":true,"href":"https:\/\/www.colegiomiguelangelasturias.edu.co\/index.php\/wp-json\/wp\/v2\/comments?post=11462"}],"version-history":[{"count":13,"href":"https:\/\/www.colegiomiguelangelasturias.edu.co\/index.php\/wp-json\/wp\/v2\/pages\/11462\/revisions"}],"predecessor-version":[{"id":12013,"href":"https:\/\/www.colegiomiguelangelasturias.edu.co\/index.php\/wp-json\/wp\/v2\/pages\/11462\/revisions\/12013"}],"wp:attachment":[{"href":"https:\/\/www.colegiomiguelangelasturias.edu.co\/index.php\/wp-json\/wp\/v2\/media?parent=11462"}],"curies":[{"name":"wp","href":"https:\/\/api.w.org\/{rel}","templated":true}]}}