{"id":11506,"date":"2019-02-19T00:23:07","date_gmt":"2019-02-19T00:23:07","guid":{"rendered":"http:\/\/www.colegiomiguelangelasturias.edu.co\/?page_id=11506"},"modified":"2019-03-07T20:28:27","modified_gmt":"2019-03-07T20:28:27","slug":"escuela-de-padres","status":"publish","type":"page","link":"https:\/\/www.colegiomiguelangelasturias.edu.co\/index.php\/escuela-de-padres\/","title":{"rendered":"Escuela de Padres"},"content":{"rendered":"<p>[vc_row][vc_column][vc_column_text]<\/p>\n<p style=\"text-align: justify;\"><strong>\u201cNo es posible la existencia de la educaci\u00f3n sin la participaci\u00f3n de la familia. Al menos no en la sociedad democr\u00e1tica. Se trata de un tema central en la consideraci\u00f3n de la educaci\u00f3n como fen\u00f3meno social en cualquier comunidad de personas libres\u201d Gaviria<\/strong><\/p>\n<p style=\"text-align: justify;\"><strong>Durante cada periodo acad\u00e9mico se desarrollan seis ponencias para las escuelas de padres, talleres que requieren la participaci\u00f3n activa de la familia en los cuales se exponen t\u00f3picos acorde al grado de escolaridad y el proceso de desarrollo en la ni\u00f1ez.<\/strong><\/p>\n<p>[\/vc_column_text][\/vc_column][\/vc_row][vc_row][vc_column width=&#8221;1\/2&#8243;][vc_column_text]<strong>Algunos de ellos son:<\/strong><\/p>\n<p><strong>\u00a9 Premiar adecuadamente a nuestros hijos<\/strong><\/p>\n<p><strong>\u00a9 Modelos educativos parentales<\/strong><\/p>\n<p><strong>\u00a9 Implementaci\u00f3n de reglamento en casa<\/strong><\/p>\n<p><strong>\u00a9 Elementos para detonar el potencial de los hijos<\/strong><\/p>\n<p><strong>\u00a9 Dialogo estrat\u00e9gico con los hijos<\/strong><\/p>\n<p><strong>\u00a9 Uso adecuado de las TIC\u00b4s<\/strong><\/p>\n<p><strong>\u00a9 T\u00e9cnicas y h\u00e1bitos de estudio<\/strong><\/p>\n<p><strong>\u00a9 Dos razones de la rebeld\u00eda adolescente<\/strong><\/p>\n<p><strong>\u00a9 Orientaci\u00f3n vocacional<\/strong>[\/vc_column_text][\/vc_column][vc_column width=&#8221;1\/2&#8243;][\/vc_column][\/vc_row][vc_row][vc_column][vc_column_text]<strong>\u201cUna alianza efectiva entre familia y escuela facilita la labor educadora de los adultos en todas las etapas de desarrollo social, emocional y acad\u00e9mico de los estudiantes\u201d<\/strong>[\/vc_column_text][\/vc_column][\/vc_row]<\/p>\n","protected":false},"excerpt":{"rendered":"<p>[vc_row][vc_column][vc_column_text] \u201cNo es posible la existencia de la educaci\u00f3n sin la participaci\u00f3n de la familia. Al menos no en la sociedad democr\u00e1tica. Se trata de un tema central en la consideraci\u00f3n de la educaci\u00f3n como fen\u00f3meno social en cualquier comunidad &hellip; <\/p>\n","protected":false},"author":1,"featured_media":0,"parent":0,"menu_order":0,"comment_status":"closed","ping_status":"closed","template":"","meta":{"_bbp_topic_count":0,"_bbp_reply_count":0,"_bbp_total_topic_count":0,"_bbp_total_reply_count":0,"_bbp_voice_count":0,"_bbp_anonymous_reply_count":0,"_bbp_topic_count_hidden":0,"_bbp_reply_count_hidden":0,"_bbp_forum_subforum_count":0,"pmpro_default_level":""},"_links":{"self":[{"href":"https:\/\/www.colegiomiguelangelasturias.edu.co\/index.php\/wp-json\/wp\/v2\/pages\/11506"}],"collection":[{"href":"https:\/\/www.colegiomiguelangelasturias.edu.co\/index.php\/wp-json\/wp\/v2\/pages"}],"about":[{"href":"https:\/\/www.colegiomiguelangelasturias.edu.co\/index.php\/wp-json\/wp\/v2\/types\/page"}],"author":[{"embeddable":true,"href":"https:\/\/www.colegiomiguelangelasturias.edu.co\/index.php\/wp-json\/wp\/v2\/users\/1"}],"replies":[{"embeddable":true,"href":"https:\/\/www.colegiomiguelangelasturias.edu.co\/index.php\/wp-json\/wp\/v2\/comments?post=11506"}],"version-history":[{"count":6,"href":"https:\/\/www.colegiomiguelangelasturias.edu.co\/index.php\/wp-json\/wp\/v2\/pages\/11506\/revisions"}],"predecessor-version":[{"id":11637,"href":"https:\/\/www.colegiomiguelangelasturias.edu.co\/index.php\/wp-json\/wp\/v2\/pages\/11506\/revisions\/11637"}],"wp:attachment":[{"href":"https:\/\/www.colegiomiguelangelasturias.edu.co\/index.php\/wp-json\/wp\/v2\/media?parent=11506"}],"curies":[{"name":"wp","href":"https:\/\/api.w.org\/{rel}","templated":true}]}}